{"id":13187,"date":"2019-11-14T16:33:37","date_gmt":"2019-11-14T19:33:37","guid":{"rendered":"https:\/\/ostec.blog\/parceiros\/revenda\/"},"modified":"2020-10-20T17:44:20","modified_gmt":"2020-10-20T20:44:20","slug":"revender","status":"publish","type":"page","link":"https:\/\/ostec.blog\/es\/socios\/revender\/","title":{"rendered":"Programa"},"content":{"rendered":"","protected":false},"excerpt":{"rendered":"","protected":false},"author":1,"featured_media":0,"parent":13031,"menu_order":0,"comment_status":"closed","ping_status":"closed","template":"template-revendas.php","meta":{"footnotes":""},"class_list":["post-13187","page","type-page","status-publish","hentry"],"yoast_head":"<!-- This site is optimized with the Yoast SEO plugin v24.7 - https:\/\/yoast.com\/wordpress\/plugins\/seo\/ -->\n<title>Programa - OSTEC | Seguran\u00e7a digital de resultados<\/title>\n<meta name=\"robots\" content=\"index, follow, max-snippet:-1, max-image-preview:large, max-video-preview:-1\" \/>\n<link rel=\"canonical\" href=\"https:\/\/ostec.blog\/es\/socios\/revender\/\" \/>\n<meta property=\"og:locale\" content=\"es_ES\" \/>\n<meta property=\"og:type\" content=\"article\" \/>\n<meta property=\"og:title\" content=\"Programa - OSTEC | Seguran\u00e7a digital de resultados\" \/>\n<meta property=\"og:url\" content=\"https:\/\/ostec.blog\/es\/socios\/revender\/\" \/>\n<meta property=\"og:site_name\" content=\"OSTEC | Seguran\u00e7a digital de resultados\" \/>\n<meta property=\"article:publisher\" content=\"https:\/\/www.facebook.com\/ostec\" \/>\n<meta property=\"article:modified_time\" content=\"2020-10-20T20:44:20+00:00\" \/>\n<meta name=\"twitter:card\" content=\"summary_large_image\" \/>\n<meta name=\"twitter:site\" content=\"@ostecsecurity\" \/>\n<script type=\"application\/ld+json\" class=\"yoast-schema-graph\">{\"@context\":\"https:\/\/schema.org\",\"@graph\":[{\"@type\":\"WebPage\",\"@id\":\"https:\/\/ostec.blog\/es\/socios\/revender\/\",\"url\":\"https:\/\/ostec.blog\/es\/socios\/revender\/\",\"name\":\"Programa - OSTEC | Seguran\u00e7a digital de resultados\",\"isPartOf\":{\"@id\":\"https:\/\/ostec.blog\/#website\"},\"datePublished\":\"2019-11-14T19:33:37+00:00\",\"dateModified\":\"2020-10-20T20:44:20+00:00\",\"breadcrumb\":{\"@id\":\"https:\/\/ostec.blog\/es\/socios\/revender\/#breadcrumb\"},\"inLanguage\":\"es\",\"potentialAction\":[{\"@type\":\"ReadAction\",\"target\":[\"https:\/\/ostec.blog\/es\/socios\/revender\/\"]}]},{\"@type\":\"BreadcrumbList\",\"@id\":\"https:\/\/ostec.blog\/es\/socios\/revender\/#breadcrumb\",\"itemListElement\":[{\"@type\":\"ListItem\",\"position\":1,\"name\":\"In\u00edcio\",\"item\":\"https:\/\/ostec.blog\/es\/\"},{\"@type\":\"ListItem\",\"position\":2,\"name\":\"Socios\",\"item\":\"https:\/\/ostec.blog\/es\/socios\/\"},{\"@type\":\"ListItem\",\"position\":3,\"name\":\"Programa\"}]},{\"@type\":\"WebSite\",\"@id\":\"https:\/\/ostec.blog\/#website\",\"url\":\"https:\/\/ostec.blog\/\",\"name\":\"OSTEC | Seguran\u00e7a digital de resultados\",\"description\":\"Empresa especializada na oferta de produtos e servi\u00e7os de seguran\u00e7a digital.\",\"publisher\":{\"@id\":\"https:\/\/ostec.blog\/#organization\"},\"potentialAction\":[{\"@type\":\"SearchAction\",\"target\":{\"@type\":\"EntryPoint\",\"urlTemplate\":\"https:\/\/ostec.blog\/?s={search_term_string}\"},\"query-input\":{\"@type\":\"PropertyValueSpecification\",\"valueRequired\":true,\"valueName\":\"search_term_string\"}}],\"inLanguage\":\"es\"},{\"@type\":\"Organization\",\"@id\":\"https:\/\/ostec.blog\/#organization\",\"name\":\"OSTEC Business Security\",\"url\":\"https:\/\/ostec.blog\/\",\"logo\":{\"@type\":\"ImageObject\",\"inLanguage\":\"es\",\"@id\":\"https:\/\/ostec.blog\/#\/schema\/logo\/image\/\",\"url\":\"https:\/\/ostec.blog\/wp-content\/uploads\/2020\/11\/logo_ostec_250.png\",\"contentUrl\":\"https:\/\/ostec.blog\/wp-content\/uploads\/2020\/11\/logo_ostec_250.png\",\"width\":251,\"height\":67,\"caption\":\"OSTEC Business Security\"},\"image\":{\"@id\":\"https:\/\/ostec.blog\/#\/schema\/logo\/image\/\"},\"sameAs\":[\"https:\/\/www.facebook.com\/ostec\",\"https:\/\/x.com\/ostecsecurity\",\"https:\/\/www.instagram.com\/ostecsecurity\/\",\"https:\/\/linkedin.com\/company\/ostec-security\"]}]}<\/script>\n<!-- \/ Yoast SEO plugin. -->","yoast_head_json":{"title":"Programa - OSTEC | Seguran\u00e7a digital de resultados","robots":{"index":"index","follow":"follow","max-snippet":"max-snippet:-1","max-image-preview":"max-image-preview:large","max-video-preview":"max-video-preview:-1"},"canonical":"https:\/\/ostec.blog\/es\/socios\/revender\/","og_locale":"es_ES","og_type":"article","og_title":"Programa - OSTEC | Seguran\u00e7a digital de resultados","og_url":"https:\/\/ostec.blog\/es\/socios\/revender\/","og_site_name":"OSTEC | Seguran\u00e7a digital de resultados","article_publisher":"https:\/\/www.facebook.com\/ostec","article_modified_time":"2020-10-20T20:44:20+00:00","twitter_card":"summary_large_image","twitter_site":"@ostecsecurity","schema":{"@context":"https:\/\/schema.org","@graph":[{"@type":"WebPage","@id":"https:\/\/ostec.blog\/es\/socios\/revender\/","url":"https:\/\/ostec.blog\/es\/socios\/revender\/","name":"Programa - OSTEC | Seguran\u00e7a digital de resultados","isPartOf":{"@id":"https:\/\/ostec.blog\/#website"},"datePublished":"2019-11-14T19:33:37+00:00","dateModified":"2020-10-20T20:44:20+00:00","breadcrumb":{"@id":"https:\/\/ostec.blog\/es\/socios\/revender\/#breadcrumb"},"inLanguage":"es","potentialAction":[{"@type":"ReadAction","target":["https:\/\/ostec.blog\/es\/socios\/revender\/"]}]},{"@type":"BreadcrumbList","@id":"https:\/\/ostec.blog\/es\/socios\/revender\/#breadcrumb","itemListElement":[{"@type":"ListItem","position":1,"name":"In\u00edcio","item":"https:\/\/ostec.blog\/es\/"},{"@type":"ListItem","position":2,"name":"Socios","item":"https:\/\/ostec.blog\/es\/socios\/"},{"@type":"ListItem","position":3,"name":"Programa"}]},{"@type":"WebSite","@id":"https:\/\/ostec.blog\/#website","url":"https:\/\/ostec.blog\/","name":"OSTEC | Seguran\u00e7a digital de resultados","description":"Empresa especializada na oferta de produtos e servi\u00e7os de seguran\u00e7a digital.","publisher":{"@id":"https:\/\/ostec.blog\/#organization"},"potentialAction":[{"@type":"SearchAction","target":{"@type":"EntryPoint","urlTemplate":"https:\/\/ostec.blog\/?s={search_term_string}"},"query-input":{"@type":"PropertyValueSpecification","valueRequired":true,"valueName":"search_term_string"}}],"inLanguage":"es"},{"@type":"Organization","@id":"https:\/\/ostec.blog\/#organization","name":"OSTEC Business Security","url":"https:\/\/ostec.blog\/","logo":{"@type":"ImageObject","inLanguage":"es","@id":"https:\/\/ostec.blog\/#\/schema\/logo\/image\/","url":"https:\/\/ostec.blog\/wp-content\/uploads\/2020\/11\/logo_ostec_250.png","contentUrl":"https:\/\/ostec.blog\/wp-content\/uploads\/2020\/11\/logo_ostec_250.png","width":251,"height":67,"caption":"OSTEC Business Security"},"image":{"@id":"https:\/\/ostec.blog\/#\/schema\/logo\/image\/"},"sameAs":["https:\/\/www.facebook.com\/ostec","https:\/\/x.com\/ostecsecurity","https:\/\/www.instagram.com\/ostecsecurity\/","https:\/\/linkedin.com\/company\/ostec-security"]}]}},"_links":{"self":[{"href":"https:\/\/ostec.blog\/es\/wp-json\/wp\/v2\/pages\/13187","targetHints":{"allow":["GET"]}}],"collection":[{"href":"https:\/\/ostec.blog\/es\/wp-json\/wp\/v2\/pages"}],"about":[{"href":"https:\/\/ostec.blog\/es\/wp-json\/wp\/v2\/types\/page"}],"author":[{"embeddable":true,"href":"https:\/\/ostec.blog\/es\/wp-json\/wp\/v2\/users\/1"}],"replies":[{"embeddable":true,"href":"https:\/\/ostec.blog\/es\/wp-json\/wp\/v2\/comments?post=13187"}],"version-history":[{"count":0,"href":"https:\/\/ostec.blog\/es\/wp-json\/wp\/v2\/pages\/13187\/revisions"}],"up":[{"embeddable":true,"href":"https:\/\/ostec.blog\/es\/wp-json\/wp\/v2\/pages\/13031"}],"wp:attachment":[{"href":"https:\/\/ostec.blog\/es\/wp-json\/wp\/v2\/media?parent=13187"}],"curies":[{"name":"wp","href":"https:\/\/api.w.org\/{rel}","templated":true}]}}