{"id":13020,"date":"2020-07-09T16:11:54","date_gmt":"2020-07-09T19:11:54","guid":{"rendered":"https:\/\/ostec.blog\/politicas-de-seguranca\/"},"modified":"2020-08-25T11:04:11","modified_gmt":"2020-08-25T14:04:11","slug":"politicas-de-seguranca","status":"publish","type":"page","link":"https:\/\/ostec.blog\/en\/processos\/politicas-de-seguranca\/","title":{"rendered":"Pol\u00edticas e procedimentos de seguran\u00e7a"},"content":{"rendered":"","protected":false},"excerpt":{"rendered":"","protected":false},"author":4,"featured_media":0,"parent":13037,"menu_order":0,"comment_status":"closed","ping_status":"closed","template":"template-construtor.php","meta":{"footnotes":""},"class_list":["post-13020","page","type-page","status-publish","hentry"],"yoast_head":"<!-- This site is optimized with the Yoast SEO plugin v24.7 - https:\/\/yoast.com\/wordpress\/plugins\/seo\/ -->\n<title>Pol\u00edticas e procedimentos de seguran\u00e7a - OSTEC | Seguran\u00e7a digital de resultados<\/title>\n<meta name=\"robots\" content=\"index, follow, max-snippet:-1, max-image-preview:large, max-video-preview:-1\" \/>\n<link rel=\"canonical\" href=\"https:\/\/ostec.blog\/en\/processos\/politicas-de-seguranca\/\" \/>\n<meta property=\"og:locale\" content=\"en_US\" \/>\n<meta property=\"og:type\" content=\"article\" \/>\n<meta property=\"og:title\" content=\"Pol\u00edticas e procedimentos de seguran\u00e7a - OSTEC | Seguran\u00e7a digital de resultados\" \/>\n<meta property=\"og:url\" content=\"https:\/\/ostec.blog\/en\/processos\/politicas-de-seguranca\/\" \/>\n<meta property=\"og:site_name\" content=\"OSTEC | Seguran\u00e7a digital de resultados\" \/>\n<meta property=\"article:publisher\" content=\"https:\/\/www.facebook.com\/ostec\" \/>\n<meta property=\"article:modified_time\" content=\"2020-08-25T14:04:11+00:00\" \/>\n<meta name=\"twitter:card\" content=\"summary_large_image\" \/>\n<meta name=\"twitter:site\" content=\"@ostecsecurity\" \/>\n<script type=\"application\/ld+json\" class=\"yoast-schema-graph\">{\"@context\":\"https:\/\/schema.org\",\"@graph\":[{\"@type\":\"WebPage\",\"@id\":\"https:\/\/ostec.blog\/en\/processos\/politicas-de-seguranca\/\",\"url\":\"https:\/\/ostec.blog\/en\/processos\/politicas-de-seguranca\/\",\"name\":\"Pol\u00edticas e procedimentos de seguran\u00e7a - OSTEC | Seguran\u00e7a digital de resultados\",\"isPartOf\":{\"@id\":\"https:\/\/ostec.blog\/#website\"},\"datePublished\":\"2020-07-09T19:11:54+00:00\",\"dateModified\":\"2020-08-25T14:04:11+00:00\",\"breadcrumb\":{\"@id\":\"https:\/\/ostec.blog\/en\/processos\/politicas-de-seguranca\/#breadcrumb\"},\"inLanguage\":\"en-US\",\"potentialAction\":[{\"@type\":\"ReadAction\",\"target\":[\"https:\/\/ostec.blog\/en\/processos\/politicas-de-seguranca\/\"]}]},{\"@type\":\"BreadcrumbList\",\"@id\":\"https:\/\/ostec.blog\/en\/processos\/politicas-de-seguranca\/#breadcrumb\",\"itemListElement\":[{\"@type\":\"ListItem\",\"position\":1,\"name\":\"In\u00edcio\",\"item\":\"https:\/\/ostec.blog\/en\/\"},{\"@type\":\"ListItem\",\"position\":2,\"name\":\"Processos\",\"item\":\"https:\/\/ostec.blog\/en\/processos\/\"},{\"@type\":\"ListItem\",\"position\":3,\"name\":\"Pol\u00edticas e procedimentos de seguran\u00e7a\"}]},{\"@type\":\"WebSite\",\"@id\":\"https:\/\/ostec.blog\/#website\",\"url\":\"https:\/\/ostec.blog\/\",\"name\":\"OSTEC | Seguran\u00e7a digital de resultados\",\"description\":\"Empresa especializada na oferta de produtos e servi\u00e7os de seguran\u00e7a digital.\",\"publisher\":{\"@id\":\"https:\/\/ostec.blog\/#organization\"},\"potentialAction\":[{\"@type\":\"SearchAction\",\"target\":{\"@type\":\"EntryPoint\",\"urlTemplate\":\"https:\/\/ostec.blog\/?s={search_term_string}\"},\"query-input\":{\"@type\":\"PropertyValueSpecification\",\"valueRequired\":true,\"valueName\":\"search_term_string\"}}],\"inLanguage\":\"en-US\"},{\"@type\":\"Organization\",\"@id\":\"https:\/\/ostec.blog\/#organization\",\"name\":\"OSTEC Business Security\",\"url\":\"https:\/\/ostec.blog\/\",\"logo\":{\"@type\":\"ImageObject\",\"inLanguage\":\"en-US\",\"@id\":\"https:\/\/ostec.blog\/#\/schema\/logo\/image\/\",\"url\":\"https:\/\/ostec.blog\/wp-content\/uploads\/2020\/11\/logo_ostec_250.png\",\"contentUrl\":\"https:\/\/ostec.blog\/wp-content\/uploads\/2020\/11\/logo_ostec_250.png\",\"width\":251,\"height\":67,\"caption\":\"OSTEC Business Security\"},\"image\":{\"@id\":\"https:\/\/ostec.blog\/#\/schema\/logo\/image\/\"},\"sameAs\":[\"https:\/\/www.facebook.com\/ostec\",\"https:\/\/x.com\/ostecsecurity\",\"https:\/\/www.instagram.com\/ostecsecurity\/\",\"https:\/\/linkedin.com\/company\/ostec-security\"]}]}<\/script>\n<!-- \/ Yoast SEO plugin. -->","yoast_head_json":{"title":"Pol\u00edticas e procedimentos de seguran\u00e7a - OSTEC | Seguran\u00e7a digital de resultados","robots":{"index":"index","follow":"follow","max-snippet":"max-snippet:-1","max-image-preview":"max-image-preview:large","max-video-preview":"max-video-preview:-1"},"canonical":"https:\/\/ostec.blog\/en\/processos\/politicas-de-seguranca\/","og_locale":"en_US","og_type":"article","og_title":"Pol\u00edticas e procedimentos de seguran\u00e7a - OSTEC | Seguran\u00e7a digital de resultados","og_url":"https:\/\/ostec.blog\/en\/processos\/politicas-de-seguranca\/","og_site_name":"OSTEC | Seguran\u00e7a digital de resultados","article_publisher":"https:\/\/www.facebook.com\/ostec","article_modified_time":"2020-08-25T14:04:11+00:00","twitter_card":"summary_large_image","twitter_site":"@ostecsecurity","schema":{"@context":"https:\/\/schema.org","@graph":[{"@type":"WebPage","@id":"https:\/\/ostec.blog\/en\/processos\/politicas-de-seguranca\/","url":"https:\/\/ostec.blog\/en\/processos\/politicas-de-seguranca\/","name":"Pol\u00edticas e procedimentos de seguran\u00e7a - OSTEC | Seguran\u00e7a digital de resultados","isPartOf":{"@id":"https:\/\/ostec.blog\/#website"},"datePublished":"2020-07-09T19:11:54+00:00","dateModified":"2020-08-25T14:04:11+00:00","breadcrumb":{"@id":"https:\/\/ostec.blog\/en\/processos\/politicas-de-seguranca\/#breadcrumb"},"inLanguage":"en-US","potentialAction":[{"@type":"ReadAction","target":["https:\/\/ostec.blog\/en\/processos\/politicas-de-seguranca\/"]}]},{"@type":"BreadcrumbList","@id":"https:\/\/ostec.blog\/en\/processos\/politicas-de-seguranca\/#breadcrumb","itemListElement":[{"@type":"ListItem","position":1,"name":"In\u00edcio","item":"https:\/\/ostec.blog\/en\/"},{"@type":"ListItem","position":2,"name":"Processos","item":"https:\/\/ostec.blog\/en\/processos\/"},{"@type":"ListItem","position":3,"name":"Pol\u00edticas e procedimentos de seguran\u00e7a"}]},{"@type":"WebSite","@id":"https:\/\/ostec.blog\/#website","url":"https:\/\/ostec.blog\/","name":"OSTEC | Seguran\u00e7a digital de resultados","description":"Empresa especializada na oferta de produtos e servi\u00e7os de seguran\u00e7a digital.","publisher":{"@id":"https:\/\/ostec.blog\/#organization"},"potentialAction":[{"@type":"SearchAction","target":{"@type":"EntryPoint","urlTemplate":"https:\/\/ostec.blog\/?s={search_term_string}"},"query-input":{"@type":"PropertyValueSpecification","valueRequired":true,"valueName":"search_term_string"}}],"inLanguage":"en-US"},{"@type":"Organization","@id":"https:\/\/ostec.blog\/#organization","name":"OSTEC Business Security","url":"https:\/\/ostec.blog\/","logo":{"@type":"ImageObject","inLanguage":"en-US","@id":"https:\/\/ostec.blog\/#\/schema\/logo\/image\/","url":"https:\/\/ostec.blog\/wp-content\/uploads\/2020\/11\/logo_ostec_250.png","contentUrl":"https:\/\/ostec.blog\/wp-content\/uploads\/2020\/11\/logo_ostec_250.png","width":251,"height":67,"caption":"OSTEC Business Security"},"image":{"@id":"https:\/\/ostec.blog\/#\/schema\/logo\/image\/"},"sameAs":["https:\/\/www.facebook.com\/ostec","https:\/\/x.com\/ostecsecurity","https:\/\/www.instagram.com\/ostecsecurity\/","https:\/\/linkedin.com\/company\/ostec-security"]}]}},"_links":{"self":[{"href":"https:\/\/ostec.blog\/en\/wp-json\/wp\/v2\/pages\/13020","targetHints":{"allow":["GET"]}}],"collection":[{"href":"https:\/\/ostec.blog\/en\/wp-json\/wp\/v2\/pages"}],"about":[{"href":"https:\/\/ostec.blog\/en\/wp-json\/wp\/v2\/types\/page"}],"author":[{"embeddable":true,"href":"https:\/\/ostec.blog\/en\/wp-json\/wp\/v2\/users\/4"}],"replies":[{"embeddable":true,"href":"https:\/\/ostec.blog\/en\/wp-json\/wp\/v2\/comments?post=13020"}],"version-history":[{"count":0,"href":"https:\/\/ostec.blog\/en\/wp-json\/wp\/v2\/pages\/13020\/revisions"}],"up":[{"embeddable":true,"href":"https:\/\/ostec.blog\/en\/wp-json\/wp\/v2\/pages\/13037"}],"wp:attachment":[{"href":"https:\/\/ostec.blog\/en\/wp-json\/wp\/v2\/media?parent=13020"}],"curies":[{"name":"wp","href":"https:\/\/api.w.org\/{rel}","templated":true}]}}